{"id":226,"date":"2017-11-27T11:44:26","date_gmt":"2017-11-27T10:44:26","guid":{"rendered":"http:\/\/www.rainer-timber.at\/?page_id=226"},"modified":"2019-03-08T11:55:06","modified_gmt":"2019-03-08T10:55:06","slug":"legal-information","status":"publish","type":"page","link":"http:\/\/www.rainer-timber.at\/en\/legal-information\/","title":{"rendered":"Legal Information"},"content":{"rendered":"<h1>Legal Information<\/h1>\n<p>Duty to provide information according to \u00a75 E-Commerce Act, \u00a714 Austrian Business Code, \u00a763 Trade, Commerce, and Industry Regulation Act, as well as disclosure obligation according to \u00a725 Media Act<\/p>\n<p><strong>Rainer Timber<\/strong><br \/>\n<strong>Handelsgesellschaft m. b. H.<\/strong><\/p>\n<p><strong>Business purpose:<\/strong> International timber trade<br \/>\n<strong>UID number:<\/strong> ATU 14633903<br \/>\n<strong>Company register no.:<\/strong> FN33165y<br \/>\n<strong>Place of jurisdiction:<\/strong> Landesgericht Leoben<strong>&nbsp;<\/strong><br \/>\n<strong>Registered office:<\/strong>&nbsp;8831 Niederw\u00f6lz, Austria<br \/>\n<strong>EORI-Nr.:<\/strong> ATEOS1000007497<\/p>\n<p><strong>Contact details<\/strong><br \/>\nA-8831 Niederw\u00f6lz,&nbsp;Fresen 41<br \/>\n<strong>Phone:<\/strong>&nbsp;+43 3582 2321-0<br \/>\n<strong>Fax:<\/strong> +43 3582 8588<br \/>\n<strong>E-Mail:<\/strong> <a href=\"mailto:office@rainer-timber.at\">office@rainer-timber.at<\/a><\/p>\n<p><strong>Member of:<\/strong>&nbsp;WKO<br \/>\n<strong>Professional title:&nbsp;<\/strong>commercial enterprise<br \/>\n<strong>Awarding nation:<\/strong>&nbsp;Austria<\/p>\n<p><a href=\"http:\/\/www.rainer-timber.at\/en\/datenschutz\/\"><strong>Privacy Policy Statement<\/strong><\/a><\/p>\n<p>ARBITRATION: any dispute in connection with the present cotract are to be&nbsp;settled amicably, however in case no amicalbe settlement is possible, the&nbsp;matter shall be finally settled by court of arbitration of the vienna commodity&nbsp;exchange, subject to austrian law<\/p>\n<p>Angaben zur Online-Streitbeilegung: Verbraucher haben die M\u00f6glichkeit, Beschwerden an die OnlineStreitbeilegungsplattform der EU zu richten: <a class=\"external\" href=\"https:\/\/webgate.ec.europa.eu\/odr\/main\/index.cfm?event=main.home.show&amp;lng=DE\" target=\"_blank\" rel=\"nofollow noopener noreferrer\">http:\/\/ec.europa.eu\/odr<\/a>. Sie k\u00f6nnen allf\u00e4llige Beschwerde auch an die oben angegebene E-Mail-Adresse richten.<\/p>\n<p>Quelle: Impressum mit Hilfe der Impressum-Vorlage von <a href=\"http:\/\/www.firmenwebseiten.at\" target=\"_blank\" rel=\"noopener noreferrer\">firmenwebseiten.at<\/a> erstellt in Kooperation mit <a href=\"https:\/\/www.aboutbusiness.at\" target=\"_blank\" rel=\"noopener noreferrer\">AboutBusiness<\/a>.<\/p>\n<h3>Haftungsausschluss<\/h3>\n<p>Dieser Haftungsausschluss ist als Teil des Internetangebotes zu betrachten, von dem aus auf diese Webseite&nbsp;verwiesen wurde. Sofern Teile oder einzelne Formulierungen dieses Textes der geltenden Rechtslage nicht, nicht mehr oder nicht vollst\u00e4ndig entsprechen sollten, bleiben die \u00fcbrigen Teile des Dokumentes in ihrem Inhalt und ihrer G\u00fcltigkeit davon unber\u00fchrt.<\/p>\n<h3>Haftung f\u00fcr Inhalte dieser Webseite<\/h3>\n<p>Die Inhalte dieser Webseite&nbsp;wurden mit gr\u00f6\u00dftm\u00f6glicher Sorgfalt erstellt. F\u00fcr die Richtigkeit, Vollst\u00e4ndigkeit und Aktualit\u00e4t der Inhalte \u00fcbernehmen wir jedoch keine Gew\u00e4hr. Als Diensteanbieter sind wir f\u00fcr eigene Inhalte auf diesen Seiten nach den allgemeinen Gesetzen verantwortlich. Wir sind jedoch nicht verpflichtet, \u00fcbermittelte oder gespeicherte fremde Informationen zu \u00fcberwachen oder nach Umst\u00e4nden zu forschen, die auf eine rechtswidrige T\u00e4tigkeit hinweisen. Verpflichtungen zur Entfernung oder Sperrung der Nutzung von Informationen nach den allgemeinen Gesetzen bleiben hiervon unber\u00fchrt. Eine diesbez\u00fcgliche Haftung ist jedoch erst ab dem Zeitpunkt der Kenntnis einer konkreten Rechtsverletzung m\u00f6glich. Bei Bekanntwerden von entsprechenden Rechtsverletzungen werden wir diese Inhalte umgehend entfernen.<\/p>\n<h3>Haftung f\u00fcr Links auf Webseiten Dritter<\/h3>\n<p>Unser Angebot enth\u00e4lt Links zu externen Websites. Auf den Inhalt dieser externen Webseiten haben wir keinerlei Einfluss. Deshalb k\u00f6nnen wir f\u00fcr diese fremden Inhalte auch keine Gew\u00e4hr \u00fcbernehmen. F\u00fcr die Inhalte der verlinkten Seiten ist stets der jeweilige Anbieter oder Betreiber der Seiten verantwortlich. Die verlinkten Seiten wurden zum Zeitpunkt der Verlinkung auf m\u00f6gliche Rechtsverst\u00f6\u00dfe \u00fcberpr\u00fcft. Rechtswidrige Inhalte waren zum Zeitpunkt der Verlinkung nicht erkennbar. Eine permanente inhaltliche Kontrolle der verlinkten Seiten ist jedoch ohne konkrete Anhaltspunkte einer Rechtsverletzung nicht zumutbar. Bei Bekanntwerden von Rechtsverletzungen werden wir derartige Links umgehend entfernen.<\/p>\n<h3>Urheberrecht<\/h3>\n<p>Die Betreiber dieser Webseite&nbsp;sind bem\u00fcht, stets die Urheberrechte anderer zu beachten bzw. auf selbst erstellte sowie lizenzfreie Werke zur\u00fcckzugreifen. Die durch die Seitenbetreiber erstellten Inhalte und Werke auf dieser Webseite unterliegen dem Urheberrecht. Beitr\u00e4ge Dritter sind als solche gekennzeichnet. Die Vervielf\u00e4ltigung, Bearbeitung, Verbreitung und jede Art der Verwertung au\u00dferhalb der Grenzen des Urheberrechtes bed\u00fcrfen der schriftlichen Zustimmung des jeweiligen Autors bzw. Erstellers. Downloads und Kopien dieser Seite sind nur f\u00fcr den privaten, nicht kommerziellen Gebrauch gestattet.<\/p>\n<h3>Image credit<\/h3>\n<p>Wolfgang Croce, Rainer Timber GesmbH<\/p>\n<h3>Design &amp; concepts<\/h3>\n<p>Peter M. Schaffer, St. Georgengasse 7, 8020 Graz, <a href=\"http:\/\/www.tordrei.com\" target=\"_blank\" rel=\"noopener noreferrer\">www.tordrei.com<\/a><\/p>\n<h3>Concepts &amp; text<\/h3>\n<p>Wachernig Public Relations, Spielberg 20 a, 8813 St. Lambrecht, <a href=\"http:\/\/www.wachernig.at\" target=\"_blank\" rel=\"noopener noreferrer\">www.wachernig.at<\/a><\/p>\n<h3>Responsive design &amp; programming<\/h3>\n<p>Harald Zettler, F\u00e4rbergasse 6, 8010 Graz, <a href=\"http:\/\/www.zettler.at\" target=\"_blank\" rel=\"noopener noreferrer\">www.zettler.at<\/a><\/p>\n<h3>Photography<\/h3>\n<p>Croce &amp; Wir, Mantscha 160, 8052 Graz, <a href=\"http:\/\/www.croce.at\" target=\"_blank\" rel=\"noopener noreferrer\">www.croce.at<\/a><\/p>\n","protected":false},"excerpt":{"rendered":"<p>Legal Information Duty to provide information according to \u00a75 E-Commerce Act, \u00a714 Austrian Business Code, \u00a763 Trade, Commerce, and Industry Regulation Act, as well as disclosure obligation according to \u00a725 Media Act Rainer Timber Handelsgesellschaft m. b. H. Business purpose: International timber trade UID number: ATU 14633903 Company register no.: FN33165y Place of jurisdiction: Landesgericht [&hellip;]<\/p>\n","protected":false},"author":1,"featured_media":0,"parent":0,"menu_order":0,"comment_status":"closed","ping_status":"closed","template":"page-wide.php","meta":{"_acf_changed":false,"ngg_post_thumbnail":0,"footnotes":""},"class_list":["post-226","page","type-page","status-publish","hentry"],"acf":[],"_links":{"self":[{"href":"http:\/\/www.rainer-timber.at\/en\/wp-json\/wp\/v2\/pages\/226","targetHints":{"allow":["GET"]}}],"collection":[{"href":"http:\/\/www.rainer-timber.at\/en\/wp-json\/wp\/v2\/pages"}],"about":[{"href":"http:\/\/www.rainer-timber.at\/en\/wp-json\/wp\/v2\/types\/page"}],"author":[{"embeddable":true,"href":"http:\/\/www.rainer-timber.at\/en\/wp-json\/wp\/v2\/users\/1"}],"replies":[{"embeddable":true,"href":"http:\/\/www.rainer-timber.at\/en\/wp-json\/wp\/v2\/comments?post=226"}],"version-history":[{"count":9,"href":"http:\/\/www.rainer-timber.at\/en\/wp-json\/wp\/v2\/pages\/226\/revisions"}],"predecessor-version":[{"id":533,"href":"http:\/\/www.rainer-timber.at\/en\/wp-json\/wp\/v2\/pages\/226\/revisions\/533"}],"wp:attachment":[{"href":"http:\/\/www.rainer-timber.at\/en\/wp-json\/wp\/v2\/media?parent=226"}],"curies":[{"name":"wp","href":"https:\/\/api.w.org\/{rel}","templated":true}]}}