{"id":228,"date":"2017-11-27T11:44:56","date_gmt":"2017-11-27T10:44:56","guid":{"rendered":"http:\/\/www.rainer-timber.at\/?page_id=228"},"modified":"2019-03-08T11:44:53","modified_gmt":"2019-03-08T10:44:53","slug":"mention-legales","status":"publish","type":"page","link":"http:\/\/www.rainer-timber.at\/fr\/mention-legales\/","title":{"rendered":"Mention l\u00e9gales"},"content":{"rendered":"<h1>Mention l\u00e9gales<\/h1>\n<p>Obligation d\u2019information en vertu du \u00a75 de la loi sur le commerce \u00e9lectronique, du \u00a714 du code de commerce, du \u00a763 du code du commerce et de l\u2019industrie et obligation l\u00e9gale de reddition des comptes en vertu du \u00a725 de la loi relative aux m\u00e9dias<\/p>\n<p><strong>Rainer Timber<\/strong><br \/>\n<strong>Handelsgesellschaft m. b. H.<\/strong><\/p>\n<p><strong>Objet social:<\/strong> Commerce international du bois<br \/>\n<strong>Num\u00e9ro d\u2019identification TVA:<\/strong> ATU 14633903<br \/>\n<strong>Inscription au registre des soci\u00e9t\u00e9s:<\/strong> FN33165y<br \/>\n<strong>Tribunal comp\u00e9tent:<\/strong> Landesgericht Leoben<strong>&nbsp;<\/strong><br \/>\n<strong>Si\u00e8ge social:<\/strong>&nbsp;8831 Niederw\u00f6lz, Austria<br \/>\n<strong>EORI-Nr.:<\/strong> ATEOS1000007497<\/p>\n<p><strong>Coordonn\u00e9es<\/strong><br \/>\nA-8831 Niederw\u00f6lz,&nbsp;Fresen 41<br \/>\n<strong>Tel.:<\/strong>&nbsp;+43 3582 2321-0<br \/>\n<strong>Fax:<\/strong> +43 3582 8588<br \/>\n<strong>E-Mail:<\/strong> <a href=\"mailto:office@rainer-timber.at\">office@rainer-timber.at<\/a><\/p>\n<p><strong>Membre de:<\/strong>&nbsp;WKO<br \/>\n<strong>Profession:&nbsp;<\/strong>entreprise commerciale<br \/>\n<strong>\u00c9tat conc\u00e9dant:<\/strong>&nbsp;Autriche<\/p>\n<p><a href=\"http:\/\/www.rainer-timber.at\/fr\/datenschutz\/\"><strong>Charte de confidentialit\u00e9<\/strong><\/a><\/p>\n<p>ARBITRATION: any dispute in connection with the present cotract are to be&nbsp;settled amicably, however in case no amicalbe settlement is possible, the&nbsp;matter shall be finally settled by court of arbitration of the vienna commodity&nbsp;exchange, subject to austrian law<\/p>\n<p>Angaben zur Online-Streitbeilegung: Verbraucher haben die M\u00f6glichkeit, Beschwerden an die OnlineStreitbeilegungsplattform der EU zu richten: <a class=\"external\" href=\"https:\/\/webgate.ec.europa.eu\/odr\/main\/index.cfm?event=main.home.show&amp;lng=DE\" target=\"_blank\" rel=\"nofollow noopener noreferrer\">http:\/\/ec.europa.eu\/odr<\/a>. Sie k\u00f6nnen allf\u00e4llige Beschwerde auch an die oben angegebene E-Mail-Adresse richten.<\/p>\n<p>Quelle: Impressum mit Hilfe der Impressum-Vorlage von <a href=\"http:\/\/www.firmenwebseiten.at\" target=\"_blank\" rel=\"noopener noreferrer\">firmenwebseiten.at<\/a> erstellt in Kooperation mit <a href=\"https:\/\/www.aboutbusiness.at\" target=\"_blank\" rel=\"noopener noreferrer\">AboutBusiness<\/a>.<\/p>\n<h2>Haftungsausschluss<\/h2>\n<p>Dieser Haftungsausschluss ist als Teil des Internetangebotes zu betrachten, von dem aus auf diese Webseite&nbsp;verwiesen wurde. Sofern Teile oder einzelne Formulierungen dieses Textes der geltenden Rechtslage nicht, nicht mehr oder nicht vollst\u00e4ndig entsprechen sollten, bleiben die \u00fcbrigen Teile des Dokumentes in ihrem Inhalt und ihrer G\u00fcltigkeit davon unber\u00fchrt.<\/p>\n<h3>Haftung f\u00fcr Inhalte dieser Webseite<\/h3>\n<p>Die Inhalte dieser Webseite&nbsp;wurden mit gr\u00f6\u00dftm\u00f6glicher Sorgfalt erstellt. F\u00fcr die Richtigkeit, Vollst\u00e4ndigkeit und Aktualit\u00e4t der Inhalte \u00fcbernehmen wir jedoch keine Gew\u00e4hr. Als Diensteanbieter sind wir f\u00fcr eigene Inhalte auf diesen Seiten nach den allgemeinen Gesetzen verantwortlich. Wir sind jedoch nicht verpflichtet, \u00fcbermittelte oder gespeicherte fremde Informationen zu \u00fcberwachen oder nach Umst\u00e4nden zu forschen, die auf eine rechtswidrige T\u00e4tigkeit hinweisen. Verpflichtungen zur Entfernung oder Sperrung der Nutzung von Informationen nach den allgemeinen Gesetzen bleiben hiervon unber\u00fchrt. Eine diesbez\u00fcgliche Haftung ist jedoch erst ab dem Zeitpunkt der Kenntnis einer konkreten Rechtsverletzung m\u00f6glich. Bei Bekanntwerden von entsprechenden Rechtsverletzungen werden wir diese Inhalte umgehend entfernen.<\/p>\n<h3>Haftung f\u00fcr Links auf Webseiten Dritter<\/h3>\n<p>Unser Angebot enth\u00e4lt Links zu externen Websites. Auf den Inhalt dieser externen Webseiten haben wir keinerlei Einfluss. Deshalb k\u00f6nnen wir f\u00fcr diese fremden Inhalte auch keine Gew\u00e4hr \u00fcbernehmen. F\u00fcr die Inhalte der verlinkten Seiten ist stets der jeweilige Anbieter oder Betreiber der Seiten verantwortlich. Die verlinkten Seiten wurden zum Zeitpunkt der Verlinkung auf m\u00f6gliche Rechtsverst\u00f6\u00dfe \u00fcberpr\u00fcft. Rechtswidrige Inhalte waren zum Zeitpunkt der Verlinkung nicht erkennbar. Eine permanente inhaltliche Kontrolle der verlinkten Seiten ist jedoch ohne konkrete Anhaltspunkte einer Rechtsverletzung nicht zumutbar. Bei Bekanntwerden von Rechtsverletzungen werden wir derartige Links umgehend entfernen.<\/p>\n<h3>Urheberrecht<\/h3>\n<p>Die Betreiber dieser Webseite&nbsp;sind bem\u00fcht, stets die Urheberrechte anderer zu beachten bzw. auf selbst erstellte sowie lizenzfreie Werke zur\u00fcckzugreifen. Die durch die Seitenbetreiber erstellten Inhalte und Werke auf dieser Webseite unterliegen dem Urheberrecht. Beitr\u00e4ge Dritter sind als solche gekennzeichnet. Die Vervielf\u00e4ltigung, Bearbeitung, Verbreitung und jede Art der Verwertung au\u00dferhalb der Grenzen des Urheberrechtes bed\u00fcrfen der schriftlichen Zustimmung des jeweiligen Autors bzw. Erstellers. Downloads und Kopien dieser Seite sind nur f\u00fcr den privaten, nicht kommerziellen Gebrauch gestattet.<\/p>\n<h2>Datenschutzerkl\u00e4rung<\/h2>\n<p>Wir legen gro\u00dfen Wert auf den Schutz Ihrer Daten. Um Sie in vollem Umfang \u00fcber die Verwendung personenbezogener Daten zu informieren, bitten wir Sie die folgenden Datenschutzhinweise zur Kenntnis zu nehmen.<\/p>\n<h3>Pers\u00f6nliche Daten<\/h3>\n<p>Pers\u00f6nliche Daten, die Sie auf dieser&nbsp;Website elektronisch \u00fcbermitteln, wie zum Beispiel Name, E-Mail-Adresse, Adresse&nbsp;oder andere pers\u00f6nlichen Angaben, werden von uns nur zum jeweils angegebenen Zweck verwendet, sicher verwahrt und nicht an Dritte weitergegeben. Der Provider erhebt und speichert automatisch Informationen am Webserver wie verwendeter Browser, Betriebssystem, Verweisseite, IP-Adresse, Uhrzeit des Zugriffs usw. Diese Daten k\u00f6nnen ohne Pr\u00fcfung weiterer Datenquellen keinen bestimmten Personen zugeordnet werden und wir werten diese Daten auch nicht weiter aus solange keine rechtswidrige Nutzung unserer Webseite vorliegt.<\/p>\n<h3>Formulardaten und Kommentare<\/h3>\n<p>Wenn Webseitenbesucher Kommentare oder Formulareintr\u00e4ge hinterlassen, werden die eingegebenen Daten und ihre IP-Adressen gespeichert. Das erfolgt zur Sicherheit, falls jemand widerrechtliche Inhalte verfasst (Beleidigungen, links- oder rechtsextreme Propaganda, Hasspostings usw.). In diesem Fall sind wir&nbsp;an der Identit\u00e4t des Verfassers interessiert.<\/p>\n<h3>Cookies<\/h3>\n<p>Cookies sind kleine Dateien, die es dieser Webseite erm\u00f6glichen auf dem Computer des Besuchers spezifische, auf den Nutzer bezogene Informationen zu speichern, w\u00e4hrend unsere Website besucht wird. Cookies helfen uns dabei, die Nutzungsh\u00e4ufigkeit und die Anzahl der Nutzer unserer Internetseiten zu ermitteln, sowie unsere Angebote f\u00fcr Sie komfortabel und effizient zu gestalten. Wir verwenden einerseits Session-Cookies, die ausschlie\u00dflich f\u00fcr die Dauer Ihrer Nutzung unserer Website zwischengespeichert werden und zum anderen permanente Cookies, um Informationen \u00fcber Besucher festzuhalten, die wiederholt auf unsere Website zugreifen. Der Zweck des Einsatzes dieser Cookies besteht darin, eine optimale Benutzerf\u00fchrung anbieten zu k\u00f6nnen sowie Besucher wiederzuerkennen und bei wiederholter Nutzung eine m\u00f6glichst attraktive Website und interessante Inhalte pr\u00e4sentieren zu k\u00f6nnen. Der Inhalt eines permanenten Cookies beschr\u00e4nkt sich auf eine Identifikationsnummer. Name, IP-Adresse usw. werden nicht gespeichert. Eine Einzelprofilbildung \u00fcber Ihr Nutzungsverhalten findet nicht statt. Eine Nutzung unserer Angebote ist auch ohne Cookies m\u00f6glich. Sie k\u00f6nnen in Ihrem Browser das Speichern von Cookies deaktivieren, auf bestimmte Webseiten beschr\u00e4nken oder Ihren Webbrowser (Chrome, IE, Firefox,\u2026) so einstellen, dass er sie benachrichtigt, sobald ein Cookie gesendet wird. Sie k\u00f6nnen Cookies auch jederzeit von der Festplatte ihres PC l\u00f6schen. Bitte beachten Sie aber, dass Sie in diesem Fall mit einer eingeschr\u00e4nkten Darstellung der Seite und mit einer eingeschr\u00e4nkten Benutzerf\u00fchrung rechnen m\u00fcssen.<\/p>\n<h3>Google Maps<\/h3>\n<p>Diese Webseite verwendet Google Maps f\u00fcr die Darstellung von Karteninformationen. Bei der Nutzung von Google Maps werden von Google auch Daten \u00fcber die Nutzung der Maps-Funktionen durch Besucher der Webseiten erhoben, verarbeitet und genutzt. N\u00e4here Informationen \u00fcber die Datenverarbeitung durch Google k\u00f6nnen Sie den Datenschutzhinweisen von Google auf <a class=\"external\" href=\"https:\/\/www.google.at\/intl\/de\/policies\/privacy\/\" target=\"_blank\" rel=\"nofollow noopener noreferrer\">https:\/\/www.google.at\/intl\/de\/policies\/privacy\/<\/a> &nbsp;entnehmen. Dort k\u00f6nnen Sie im Datenschutzcenter auch Ihre Einstellungen ver\u00e4ndern, so dass Sie Ihre Daten verwalten und sch\u00fctzen k\u00f6nnen.<\/p>\n<h3>Auskunftsrecht<\/h3>\n<p>Sie haben jederzeit das Recht auf Auskunft \u00fcber die bez\u00fcglich Ihrer Person gespeicherten Daten, deren Herkunft und Empf\u00e4nger sowie den Zweck der Speicherung.<\/p>\n<h3>Cr\u00e9dits photographiques<\/h3>\n<p>Wolfgang Croce, Rainer Timber GesmbH<\/p>\n<h3>Design &amp; conception<\/h3>\n<p>Peter M. Schaffer, St. Georgengasse 7, 8020 Graz, <a href=\"http:\/\/www.tordrei.com\" target=\"_blank\" rel=\"noopener noreferrer\">www.tordrei.com<\/a><\/p>\n<h3>Conception &amp; texte<\/h3>\n<p>Wachernig Public Relations, Spielberg 20 a, 8813 St. Lambrecht, <a href=\"http:\/\/www.wachernig.at\" target=\"_blank\" rel=\"noopener noreferrer\">www.wachernig.at<\/a><\/p>\n<h3>Responsive Design &amp; programmation<\/h3>\n<p>Harald Zettler, F\u00e4rbergasse 6, 8010 Graz, <a href=\"http:\/\/www.zettler.at\" target=\"_blank\" rel=\"noopener noreferrer\">www.zettler.at<\/a><\/p>\n<h3>Photographie<\/h3>\n<p>Croce &amp; Wir, Mantscha 160, 8052 Graz, <a href=\"http:\/\/www.croce.at\" target=\"_blank\" rel=\"noopener noreferrer\">www.croce.at<\/a><\/p>\n","protected":false},"excerpt":{"rendered":"<p>Mention l\u00e9gales Obligation d\u2019information en vertu du \u00a75 de la loi sur le commerce \u00e9lectronique, du \u00a714 du code de commerce, du \u00a763 du code du commerce et de l\u2019industrie et obligation l\u00e9gale de reddition des comptes en vertu du \u00a725 de la loi relative aux m\u00e9dias Rainer Timber Handelsgesellschaft m. b. H. Objet social: [&hellip;]<\/p>\n","protected":false},"author":1,"featured_media":0,"parent":0,"menu_order":0,"comment_status":"closed","ping_status":"closed","template":"page-wide.php","meta":{"_acf_changed":false,"ngg_post_thumbnail":0,"footnotes":""},"class_list":["post-228","page","type-page","status-publish","hentry"],"acf":[],"_links":{"self":[{"href":"http:\/\/www.rainer-timber.at\/fr\/wp-json\/wp\/v2\/pages\/228","targetHints":{"allow":["GET"]}}],"collection":[{"href":"http:\/\/www.rainer-timber.at\/fr\/wp-json\/wp\/v2\/pages"}],"about":[{"href":"http:\/\/www.rainer-timber.at\/fr\/wp-json\/wp\/v2\/types\/page"}],"author":[{"embeddable":true,"href":"http:\/\/www.rainer-timber.at\/fr\/wp-json\/wp\/v2\/users\/1"}],"replies":[{"embeddable":true,"href":"http:\/\/www.rainer-timber.at\/fr\/wp-json\/wp\/v2\/comments?post=228"}],"version-history":[{"count":8,"href":"http:\/\/www.rainer-timber.at\/fr\/wp-json\/wp\/v2\/pages\/228\/revisions"}],"predecessor-version":[{"id":508,"href":"http:\/\/www.rainer-timber.at\/fr\/wp-json\/wp\/v2\/pages\/228\/revisions\/508"}],"wp:attachment":[{"href":"http:\/\/www.rainer-timber.at\/fr\/wp-json\/wp\/v2\/media?parent=228"}],"curies":[{"name":"wp","href":"https:\/\/api.w.org\/{rel}","templated":true}]}}