{"id":243,"date":"2017-11-27T14:48:05","date_gmt":"2017-11-27T13:48:05","guid":{"rendered":"http:\/\/www.rainer-timber.at\/?page_id=243"},"modified":"2019-07-31T23:35:39","modified_gmt":"2019-07-31T21:35:39","slug":"distribution","status":"publish","type":"page","link":"http:\/\/www.rainer-timber.at\/fr\/distribution\/","title":{"rendered":"Distribution"},"content":{"rendered":"<p>Dot\u00e9e de son propre service d\u2019exportation, la soci\u00e9t\u00e9 Rainer Timber coop\u00e8re de longue date avec les banques autrichiennes et \u00e9trang\u00e8res, les entreprises de transport, ainsi que les compagnies de transport maritime.<\/p>\n<p>Les produits de Rainer Timber sont achemin\u00e9s en train jusqu\u2019aux ports de l\u2019Adriatique, puis par bateau jusqu\u2019\u00e0 leur lieu de destination.<\/p>\n<p><a href=\"http:\/\/www.rainer-timber.at\/fr\/distribution\/videos-du-chargement\/\">Vid\u00e9os du chargement<\/a><br \/>\n<a href=\"http:\/\/www.rainer-timber.at\/fr\/distribution\/photos-du-chargement\/\">Photos du chargement<\/a><br \/>\n<a href=\"http:\/\/www.rainer-timber.at\/fr\/distribution\/photos-de-lembarquement\/\">Photos de l\u2019embarquement<\/a><\/p>\n","protected":false},"excerpt":{"rendered":"<p>Dot\u00e9e de son propre service d\u2019exportation, la soci\u00e9t\u00e9 Rainer Timber coop\u00e8re de longue date avec les banques autrichiennes et \u00e9trang\u00e8res, les entreprises de transport, ainsi que les compagnies de transport maritime. Les produits de Rainer Timber sont achemin\u00e9s en train jusqu\u2019aux ports de l\u2019Adriatique, puis par bateau jusqu\u2019\u00e0 leur lieu de destination. Vid\u00e9os du chargement [&hellip;]<\/p>\n","protected":false},"author":1,"featured_media":0,"parent":0,"menu_order":4,"comment_status":"closed","ping_status":"closed","template":"","meta":{"_acf_changed":false,"ngg_post_thumbnail":0,"footnotes":""},"class_list":["post-243","page","type-page","status-publish","hentry"],"acf":[],"_links":{"self":[{"href":"http:\/\/www.rainer-timber.at\/fr\/wp-json\/wp\/v2\/pages\/243","targetHints":{"allow":["GET"]}}],"collection":[{"href":"http:\/\/www.rainer-timber.at\/fr\/wp-json\/wp\/v2\/pages"}],"about":[{"href":"http:\/\/www.rainer-timber.at\/fr\/wp-json\/wp\/v2\/types\/page"}],"author":[{"embeddable":true,"href":"http:\/\/www.rainer-timber.at\/fr\/wp-json\/wp\/v2\/users\/1"}],"replies":[{"embeddable":true,"href":"http:\/\/www.rainer-timber.at\/fr\/wp-json\/wp\/v2\/comments?post=243"}],"version-history":[{"count":5,"href":"http:\/\/www.rainer-timber.at\/fr\/wp-json\/wp\/v2\/pages\/243\/revisions"}],"predecessor-version":[{"id":332,"href":"http:\/\/www.rainer-timber.at\/fr\/wp-json\/wp\/v2\/pages\/243\/revisions\/332"}],"wp:attachment":[{"href":"http:\/\/www.rainer-timber.at\/fr\/wp-json\/wp\/v2\/media?parent=243"}],"curies":[{"name":"wp","href":"https:\/\/api.w.org\/{rel}","templated":true}]}}